{"id":288,"date":"2023-01-03T14:20:36","date_gmt":"2023-01-03T13:20:36","guid":{"rendered":"https:\/\/www.one-id.fr\/roofcodedev\/?page_id=288"},"modified":"2023-01-06T11:20:41","modified_gmt":"2023-01-06T10:20:41","slug":"tarifs","status":"publish","type":"page","link":"https:\/\/www.one-id.fr\/roofcodedev\/tarifs\/","title":{"rendered":"Tarif"},"content":{"rendered":"[vc_row][vc_column][vc_column_text]\n<h1>Tarif de licence<\/h1>\n[\/vc_column_text][vc_column_text]<span style=\"font-size: 20px;\">Application Windows 10\u00a0 &#8211; 32 bits et 64 bits &#8211; <\/span><span style=\"font-size: 20px;\">N\u00e9cessite un lecteur de PDF pour fonctionner<\/span>[\/vc_column_text][vc_empty_space][\/vc_column][\/vc_row][vc_row][vc_column width=&#8221;1\/2&#8243;][vc_single_image image=&#8221;324&#8243; img_size=&#8221;full&#8221; onclick=&#8221;custom_link&#8221; css_animation=&#8221;fadeIn&#8221; link=&#8221;https:\/\/www.one-id.fr\/roofcodedev\/produit\/licence-roofcode\/&#8221; label=&#8221;&#8221;][\/vc_column][vc_column width=&#8221;1\/2&#8243;][vc_single_image image=&#8221;323&#8243; img_size=&#8221;full&#8221; onclick=&#8221;custom_link&#8221; css_animation=&#8221;fadeIn&#8221; link=&#8221;https:\/\/www.one-id.fr\/roofcodedev\/contactez-nous\/&#8221;][\/vc_column][\/vc_row][vc_row][vc_column width=&#8221;1\/2&#8243;][\/vc_column][vc_column width=&#8221;1\/2&#8243;][\/vc_column][\/vc_row]\n<!-- AddThis Advanced Settings generic via filter on the_content -->","protected":false},"excerpt":{"rendered":"<p>[vc_row][vc_column][vc_column_text] Tarif de licence [\/vc_column_text][vc_column_text]Application Windows 10\u00a0 &#8211; 32 bits et 64 bits &#8211; N\u00e9cessite un lecteur de PDF pour fonctionner[\/vc_column_text][vc_empty_space][\/vc_column][\/vc_row][vc_row][vc_column width=&#8221;1\/2&#8243;][vc_single_image image=&#8221;324&#8243; img_size=&#8221;full&#8221; onclick=&#8221;custom_link&#8221; css_animation=&#8221;fadeIn&#8221; link=&#8221;https:\/\/www.one-id.fr\/roofcodedev\/produit\/licence-roofcode\/&#8221; label=&#8221;&#8221;][\/vc_column][vc_column width=&#8221;1\/2&#8243;][vc_single_image image=&#8221;323&#8243; img_size=&#8221;full&#8221; onclick=&#8221;custom_link&#8221; css_animation=&#8221;fadeIn&#8221; link=&#8221;https:\/\/www.one-id.fr\/roofcodedev\/contactez-nous\/&#8221;][\/vc_column][\/vc_row][vc_row][vc_column width=&#8221;1\/2&#8243;][\/vc_column][vc_column width=&#8221;1\/2&#8243;][\/vc_column][\/vc_row]<!-- AddThis Advanced Settings generic via filter on get_the_excerpt --><\/p>\n","protected":false},"author":17,"featured_media":0,"parent":0,"menu_order":0,"comment_status":"closed","ping_status":"closed","template":"","meta":{"_uag_custom_page_level_css":"","footnotes":""},"class_list":["post-288","page","type-page","status-publish","hentry"],"yoast_head":"<!-- This site is optimized with the Yoast SEO plugin v24.3 - https:\/\/yoast.com\/wordpress\/plugins\/seo\/ -->\n<title>Tarif - roofcodedev<\/title>\n<meta name=\"description\" content=\"D\u00e9couvrez le tarif annuel de la licence pour l&#039;utilisation de l&#039;application RoofCode ainsi que les fonctionnalit\u00e9s propos\u00e9s.\" \/>\n<meta name=\"robots\" content=\"index, follow, max-snippet:-1, max-image-preview:large, max-video-preview:-1\" \/>\n<link rel=\"canonical\" href=\"https:\/\/www.one-id.fr\/roofcodedev\/tarifs\/\" \/>\n<meta property=\"og:locale\" content=\"fr_FR\" \/>\n<meta property=\"og:type\" content=\"article\" \/>\n<meta property=\"og:title\" content=\"Tarif - roofcodedev\" \/>\n<meta property=\"og:description\" content=\"D\u00e9couvrez le tarif annuel de la licence pour l&#039;utilisation de l&#039;application RoofCode ainsi que les fonctionnalit\u00e9s propos\u00e9s.\" \/>\n<meta property=\"og:url\" content=\"https:\/\/www.one-id.fr\/roofcodedev\/tarifs\/\" \/>\n<meta property=\"og:site_name\" content=\"roofcodedev\" \/>\n<meta property=\"article:modified_time\" content=\"2023-01-06T10:20:41+00:00\" \/>\n<meta name=\"twitter:card\" content=\"summary_large_image\" \/>\n<meta name=\"twitter:label1\" content=\"Dur\u00e9e de lecture estim\u00e9e\" \/>\n\t<meta name=\"twitter:data1\" content=\"1 minute\" \/>\n<script type=\"application\/ld+json\" class=\"yoast-schema-graph\">{\"@context\":\"https:\/\/schema.org\",\"@graph\":[{\"@type\":\"WebPage\",\"@id\":\"https:\/\/www.one-id.fr\/roofcodedev\/tarifs\/\",\"url\":\"https:\/\/www.one-id.fr\/roofcodedev\/tarifs\/\",\"name\":\"Tarif - roofcodedev\",\"isPartOf\":{\"@id\":\"https:\/\/www.one-id.fr\/roofcodedev\/#website\"},\"datePublished\":\"2023-01-03T13:20:36+00:00\",\"dateModified\":\"2023-01-06T10:20:41+00:00\",\"description\":\"D\u00e9couvrez le tarif annuel de la licence pour l'utilisation de l'application RoofCode ainsi que les fonctionnalit\u00e9s propos\u00e9s.\",\"breadcrumb\":{\"@id\":\"https:\/\/www.one-id.fr\/roofcodedev\/tarifs\/#breadcrumb\"},\"inLanguage\":\"fr-FR\",\"potentialAction\":[{\"@type\":\"ReadAction\",\"target\":[\"https:\/\/www.one-id.fr\/roofcodedev\/tarifs\/\"]}]},{\"@type\":\"BreadcrumbList\",\"@id\":\"https:\/\/www.one-id.fr\/roofcodedev\/tarifs\/#breadcrumb\",\"itemListElement\":[{\"@type\":\"ListItem\",\"position\":1,\"name\":\"Accueil\",\"item\":\"https:\/\/www.one-id.fr\/roofcodedev\/\"},{\"@type\":\"ListItem\",\"position\":2,\"name\":\"Tarif\"}]},{\"@type\":\"WebSite\",\"@id\":\"https:\/\/www.one-id.fr\/roofcodedev\/#website\",\"url\":\"https:\/\/www.one-id.fr\/roofcodedev\/\",\"name\":\"roofcodedev\",\"description\":\"Application des Eurocodes pour le calcul des charges en toitures\",\"publisher\":{\"@id\":\"https:\/\/www.one-id.fr\/roofcodedev\/#organization\"},\"potentialAction\":[{\"@type\":\"SearchAction\",\"target\":{\"@type\":\"EntryPoint\",\"urlTemplate\":\"https:\/\/www.one-id.fr\/roofcodedev\/?s={search_term_string}\"},\"query-input\":{\"@type\":\"PropertyValueSpecification\",\"valueRequired\":true,\"valueName\":\"search_term_string\"}}],\"inLanguage\":\"fr-FR\"},{\"@type\":\"Organization\",\"@id\":\"https:\/\/www.one-id.fr\/roofcodedev\/#organization\",\"name\":\"roofcodedev\",\"url\":\"https:\/\/www.one-id.fr\/roofcodedev\/\",\"logo\":{\"@type\":\"ImageObject\",\"inLanguage\":\"fr-FR\",\"@id\":\"https:\/\/www.one-id.fr\/roofcodedev\/#\/schema\/logo\/image\/\",\"url\":\"https:\/\/www.one-id.fr\/roofcodedev\/wp-content\/uploads\/sites\/10\/2023\/01\/cropped-ROOFCODE-LOGO.jpg\",\"contentUrl\":\"https:\/\/www.one-id.fr\/roofcodedev\/wp-content\/uploads\/sites\/10\/2023\/01\/cropped-ROOFCODE-LOGO.jpg\",\"width\":512,\"height\":512,\"caption\":\"roofcodedev\"},\"image\":{\"@id\":\"https:\/\/www.one-id.fr\/roofcodedev\/#\/schema\/logo\/image\/\"}}]}<\/script>\n<!-- \/ Yoast SEO plugin. -->","yoast_head_json":{"title":"Tarif - roofcodedev","description":"D\u00e9couvrez le tarif annuel de la licence pour l'utilisation de l'application RoofCode ainsi que les fonctionnalit\u00e9s propos\u00e9s.","robots":{"index":"index","follow":"follow","max-snippet":"max-snippet:-1","max-image-preview":"max-image-preview:large","max-video-preview":"max-video-preview:-1"},"canonical":"https:\/\/www.one-id.fr\/roofcodedev\/tarifs\/","og_locale":"fr_FR","og_type":"article","og_title":"Tarif - roofcodedev","og_description":"D\u00e9couvrez le tarif annuel de la licence pour l'utilisation de l'application RoofCode ainsi que les fonctionnalit\u00e9s propos\u00e9s.","og_url":"https:\/\/www.one-id.fr\/roofcodedev\/tarifs\/","og_site_name":"roofcodedev","article_modified_time":"2023-01-06T10:20:41+00:00","twitter_card":"summary_large_image","twitter_misc":{"Dur\u00e9e de lecture estim\u00e9e":"1 minute"},"schema":{"@context":"https:\/\/schema.org","@graph":[{"@type":"WebPage","@id":"https:\/\/www.one-id.fr\/roofcodedev\/tarifs\/","url":"https:\/\/www.one-id.fr\/roofcodedev\/tarifs\/","name":"Tarif - roofcodedev","isPartOf":{"@id":"https:\/\/www.one-id.fr\/roofcodedev\/#website"},"datePublished":"2023-01-03T13:20:36+00:00","dateModified":"2023-01-06T10:20:41+00:00","description":"D\u00e9couvrez le tarif annuel de la licence pour l'utilisation de l'application RoofCode ainsi que les fonctionnalit\u00e9s propos\u00e9s.","breadcrumb":{"@id":"https:\/\/www.one-id.fr\/roofcodedev\/tarifs\/#breadcrumb"},"inLanguage":"fr-FR","potentialAction":[{"@type":"ReadAction","target":["https:\/\/www.one-id.fr\/roofcodedev\/tarifs\/"]}]},{"@type":"BreadcrumbList","@id":"https:\/\/www.one-id.fr\/roofcodedev\/tarifs\/#breadcrumb","itemListElement":[{"@type":"ListItem","position":1,"name":"Accueil","item":"https:\/\/www.one-id.fr\/roofcodedev\/"},{"@type":"ListItem","position":2,"name":"Tarif"}]},{"@type":"WebSite","@id":"https:\/\/www.one-id.fr\/roofcodedev\/#website","url":"https:\/\/www.one-id.fr\/roofcodedev\/","name":"roofcodedev","description":"Application des Eurocodes pour le calcul des charges en toitures","publisher":{"@id":"https:\/\/www.one-id.fr\/roofcodedev\/#organization"},"potentialAction":[{"@type":"SearchAction","target":{"@type":"EntryPoint","urlTemplate":"https:\/\/www.one-id.fr\/roofcodedev\/?s={search_term_string}"},"query-input":{"@type":"PropertyValueSpecification","valueRequired":true,"valueName":"search_term_string"}}],"inLanguage":"fr-FR"},{"@type":"Organization","@id":"https:\/\/www.one-id.fr\/roofcodedev\/#organization","name":"roofcodedev","url":"https:\/\/www.one-id.fr\/roofcodedev\/","logo":{"@type":"ImageObject","inLanguage":"fr-FR","@id":"https:\/\/www.one-id.fr\/roofcodedev\/#\/schema\/logo\/image\/","url":"https:\/\/www.one-id.fr\/roofcodedev\/wp-content\/uploads\/sites\/10\/2023\/01\/cropped-ROOFCODE-LOGO.jpg","contentUrl":"https:\/\/www.one-id.fr\/roofcodedev\/wp-content\/uploads\/sites\/10\/2023\/01\/cropped-ROOFCODE-LOGO.jpg","width":512,"height":512,"caption":"roofcodedev"},"image":{"@id":"https:\/\/www.one-id.fr\/roofcodedev\/#\/schema\/logo\/image\/"}}]}},"jetpack_sharing_enabled":true,"uagb_featured_image_src":{"full":false,"thumbnail":false,"medium":false,"medium_large":false,"large":false,"1536x1536":false,"2048x2048":false,"blog-large":false,"blog-medium":false,"related-post":false,"portfolio-grid-one":false,"portfolio-grid-two":false,"portfolio-grid":false,"portfolio-masonry":false,"portfolio-full":false,"portfolio-large":false,"portfolio-medium":false,"portfolio-timeline":false,"related-portfolio":false,"portfolio-cat-stripes":false,"portfolio-cat-parallax":false,"portfolio-thumbnail":false,"member-two":false,"member":false,"widget-thumb-medium":false,"widget-thumb":false,"mailpoet_newsletter_max":false,"woocommerce_thumbnail":false,"woocommerce_single":false,"woocommerce_gallery_thumbnail":false},"uagb_author_info":{"display_name":"margaud","author_link":"https:\/\/www.one-id.fr\/roofcodedev\/author\/margaud\/"},"uagb_comment_info":0,"uagb_excerpt":"[vc_row][vc_column][vc_column_text] Tarif de licence [\/vc_column_text][vc_column_text]Application Windows 10\u00a0 &#8211; 32 bits et 64 bits &#8211; N\u00e9cessite un lecteur de PDF pour fonctionner[\/vc_column_text][vc_empty_space][\/vc_column][\/vc_row][vc_row][vc_column width=&#8221;1\/2&#8243;][vc_single_image image=&#8221;324&#8243; img_size=&#8221;full&#8221; onclick=&#8221;custom_link&#8221; css_animation=&#8221;fadeIn&#8221; link=&#8221;https:\/\/www.one-id.fr\/roofcodedev\/produit\/licence-roofcode\/&#8221; label=&#8221;&#8221;][\/vc_column][vc_column width=&#8221;1\/2&#8243;][vc_single_image image=&#8221;323&#8243; img_size=&#8221;full&#8221; onclick=&#8221;custom_link&#8221; css_animation=&#8221;fadeIn&#8221; link=&#8221;https:\/\/www.one-id.fr\/roofcodedev\/contactez-nous\/&#8221;][\/vc_column][\/vc_row][vc_row][vc_column width=&#8221;1\/2&#8243;][\/vc_column][vc_column width=&#8221;1\/2&#8243;][\/vc_column][\/vc_row]","_links":{"self":[{"href":"https:\/\/www.one-id.fr\/roofcodedev\/wp-json\/wp\/v2\/pages\/288","targetHints":{"allow":["GET"]}}],"collection":[{"href":"https:\/\/www.one-id.fr\/roofcodedev\/wp-json\/wp\/v2\/pages"}],"about":[{"href":"https:\/\/www.one-id.fr\/roofcodedev\/wp-json\/wp\/v2\/types\/page"}],"author":[{"embeddable":true,"href":"https:\/\/www.one-id.fr\/roofcodedev\/wp-json\/wp\/v2\/users\/17"}],"replies":[{"embeddable":true,"href":"https:\/\/www.one-id.fr\/roofcodedev\/wp-json\/wp\/v2\/comments?post=288"}],"version-history":[{"count":6,"href":"https:\/\/www.one-id.fr\/roofcodedev\/wp-json\/wp\/v2\/pages\/288\/revisions"}],"predecessor-version":[{"id":381,"href":"https:\/\/www.one-id.fr\/roofcodedev\/wp-json\/wp\/v2\/pages\/288\/revisions\/381"}],"wp:attachment":[{"href":"https:\/\/www.one-id.fr\/roofcodedev\/wp-json\/wp\/v2\/media?parent=288"}],"curies":[{"name":"wp","href":"https:\/\/api.w.org\/{rel}","templated":true}]}}